{"id":983,"date":"2018-08-30T11:22:57","date_gmt":"2018-08-30T14:22:57","guid":{"rendered":"https:\/\/iessantamaria-cat.infd.edu.ar\/sitio\/requisitos-para-ingresantes\/"},"modified":"2026-02-12T17:51:04","modified_gmt":"2026-02-12T20:51:04","slug":"requisitos-para-ingresantes","status":"publish","type":"page","link":"https:\/\/iessantamaria-cat.infd.edu.ar\/sitio\/requisitos-para-ingresantes\/","title":{"rendered":"Requisitos para Ingresantes"},"content":{"rendered":"<p><img decoding=\"async\" loading=\"lazy\" class=\"\" style=\"display: block; margin-left: auto; margin-right: auto;\" title=\"\" src=\"https:\/\/iessantamaria-cat.infd.edu.ar\/sitio\/wp-content\/uploads\/2018\/08\/LOGO_IESMA.jpg\" alt=\"\" width=\"153\" height=\"171\" border=\"0\" \/><\/p>\n<p>Los interesados en cursar estudios de nivel superior deber\u00e1n registrar su PREINSCRIPCI\u00d3N\u00a0EN LA PAGINA<a href=\"http:\/\/guarani.catamarca.edu.ar\/\"> WEB DEL SIU GUARAN\u00cd<\/a> CATAMARCA, completar todos sus datos y luego imprimir el formulario.<\/p>\n<p><strong>Con el Formulario emitido por el SIU GUARAN\u00cd CATAMARCA deben armar su LEGAJO y presentarlo <\/strong>en la oficina del <em>Departamento Alumnos de la Casa Central del IES Santa Mar\u00eda<\/em> (frente a la plaza central de la ciudad de Santa Mar\u00eda &#8211; Catamarca)<\/p>\n<p>&#8211; Documentaci\u00f3n que debe contener el Legajo personal <span style=\"color: #ff0000;\">\u00a0(PRESENTAR HASTA EL 20 DE MARZO\/2026)<\/span>:<\/p>\n<ul>\n<li>Formulario emitido por el SIU GUARAN\u00cd CATAMARCA con datos personales y QR.<\/li>\n<li>Ficha de inscripci\u00f3n (se adquiere en la oficina de Secretar\u00eda T\u00e9cnica)<\/li>\n<li>Fotocopia DNI<\/li>\n<li>Fotocopia Partida de Nacimiento<\/li>\n<li>Titulo de Estudios Secundarios completos<\/li>\n<li>2 Fofo 4&#215;4<\/li>\n<li>1 Carpeta colgante para legajo<\/li>\n<\/ul>\n<p><span style=\"color: #0000ff;\"><strong>Periodo de Ambientaci\u00f3n: 1\u00ba a\u00f1o, todas las carreras (cursado obligatorio): 23 al 31\/marzo \/2026.<\/strong><\/span><\/p>\n<p>&#8211; La Ley de Educaci\u00f3n Superior Nro. 24.521 establece en su ARTICULO 7\u00ba -Para ingresar como alumno a las instituciones de nivel superior, se debe haber aprobado el nivel medio o el ciclo plomado de ense\u00f1anza. <em>Excepcionalmente, los mayores de 25 a\u00f1os que no re\u00fanan esa condici\u00f3n<\/em>, podr\u00e1n ingresar siempre que demuestren, a trav\u00e9s de las evaluaciones que las provincias, la Municipalidad de la Ciudad de Buenos Aires o las universidades en su caso establezcan, que tienen preparaci\u00f3n y\/o experiencia laboral acorde con los estudios que se proponen iniciar, as\u00ed como aptitudes y conocimientos suficientes para cursarlos satisfactoriamente.<\/p>\n<p><span style=\"color: #ff0000;\"><strong>Alumnos Vocacionales (mayores de 25 a\u00f1os, y sin t\u00edtulo secundario): <\/strong><\/span><\/p>\n<ul>\n<li><span style=\"color: #ff0000;\"><strong>Inscripci\u00f3n: hasta 17 de Marzo\/2026. <\/strong><\/span><\/li>\n<li><span style=\"color: #ff0000;\"><strong>Curso y evaluaci\u00f3n de admisi\u00f3n: del 18 al 20\/03. <\/strong><\/span><\/li>\n<\/ul>\n","protected":false},"excerpt":{"rendered":"<p>Los interesados en cursar estudios de nivel superior deber\u00e1n registrar su PREINSCRIPCI\u00d3N\u00a0EN LA PAGINA WEB DEL SIU GUARAN\u00cd CATAMARCA, completar todos sus datos y luego imprimir el formulario. Con el Formulario emitido por el SIU GUARAN\u00cd CATAMARCA deben armar su LEGAJO y presentarlo en la oficina del Departamento Alumnos de la Casa Central del IES &#8230; <a title=\"Requisitos para Ingresantes\" class=\"read-more\" href=\"https:\/\/iessantamaria-cat.infd.edu.ar\/sitio\/requisitos-para-ingresantes\/\" aria-label=\"More on Requisitos para Ingresantes\">[+]<\/a><\/p>\n","protected":false},"author":45,"featured_media":0,"parent":0,"menu_order":0,"comment_status":"closed","ping_status":"closed","template":"","meta":[],"acf":[],"_links":{"self":[{"href":"https:\/\/iessantamaria-cat.infd.edu.ar\/sitio\/wp-json\/wp\/v2\/pages\/983"}],"collection":[{"href":"https:\/\/iessantamaria-cat.infd.edu.ar\/sitio\/wp-json\/wp\/v2\/pages"}],"about":[{"href":"https:\/\/iessantamaria-cat.infd.edu.ar\/sitio\/wp-json\/wp\/v2\/types\/page"}],"author":[{"embeddable":true,"href":"https:\/\/iessantamaria-cat.infd.edu.ar\/sitio\/wp-json\/wp\/v2\/users\/45"}],"replies":[{"embeddable":true,"href":"https:\/\/iessantamaria-cat.infd.edu.ar\/sitio\/wp-json\/wp\/v2\/comments?post=983"}],"version-history":[{"count":17,"href":"https:\/\/iessantamaria-cat.infd.edu.ar\/sitio\/wp-json\/wp\/v2\/pages\/983\/revisions"}],"predecessor-version":[{"id":2751,"href":"https:\/\/iessantamaria-cat.infd.edu.ar\/sitio\/wp-json\/wp\/v2\/pages\/983\/revisions\/2751"}],"wp:attachment":[{"href":"https:\/\/iessantamaria-cat.infd.edu.ar\/sitio\/wp-json\/wp\/v2\/media?parent=983"}],"curies":[{"name":"wp","href":"https:\/\/api.w.org\/{rel}","templated":true}]}}