{"id":970,"date":"2018-08-30T11:22:51","date_gmt":"2018-08-30T14:22:51","guid":{"rendered":"https:\/\/iessantamaria-cat.infd.edu.ar\/sitio\/sobre-el-instituto\/"},"modified":"2018-11-06T14:08:58","modified_gmt":"2018-11-06T17:08:58","slug":"sobre-el-instituto","status":"publish","type":"page","link":"https:\/\/iessantamaria-cat.infd.edu.ar\/sitio\/sobre-el-instituto\/","title":{"rendered":"Sobre el Instituto"},"content":{"rendered":"<p class=\"MsoNormal\" style=\"text-align: justify; text-indent: 35.45pt; margin: 6pt 0cm 6pt 42.55pt;\"><span lang=\"ES-AR\">La m\u00e1s alta Casa de Estudios de nuestra ciudad, Instituto de Estudios Superiores, \u00abSanta Mar\u00eda\u00bb, fue creada por el Decreto, N\u00ba 2261 Del Superior Gobierno de la Pcia.,<span style=\"mso-spacerun: yes;\">\u00a0 <\/span>el<span style=\"mso-spacerun: yes;\">\u00a0 <\/span>10 de Agosto de 1987, por el que se da apertura a<span style=\"mso-spacerun: yes;\">\u00a0 <\/span>los profesorados de Matem\u00e1tica, Historia y Ciencias de la Educaci\u00f3n. Es designada como Rectora Organizadora la Licenciada Alba Piaggio. Sin embargo, el \u00fanico profesorado que tiene inicio real en esa fecha es el de Ciencias de la Educaci\u00f3n.<\/span><\/p>\n<p class=\"MsoNormal\" style=\"text-align: justify; text-indent: 35.45pt; margin: 6pt 0cm 6pt 42.55pt;\"><span lang=\"ES-AR\">En el a\u00f1o 1989, la Licenciada Piaggio pone en funcionamiento administrativo el IES, y<span style=\"mso-spacerun: yes;\">\u00a0 <\/span>el d\u00eda 7 de Abril de 1989, toma posesi\u00f3n del cargo en calidad de Rectora organizadora la Profesora Gloria del Valle Villagra por Resoluci\u00f3n<span style=\"mso-spacerun: yes;\">\u00a0 <\/span>Interna de DIEMS, N\u00aa 0038\/89, quien pone en funcionamiento el 1\u00aa a\u00f1o de la carrera del Profesorado de Ciencias de la Educaci\u00f3n, en el local de la Escuela Provincial N\u00aa 114. <\/span><\/p>\n<p class=\"MsoNormal\" style=\"text-align: justify; text-indent: 35.45pt; margin: 6pt 0cm 6pt 42.55pt;\"><span lang=\"ES-AR\">El 21 de junio de 1.989, toma posesi\u00f3n del cargo de Rector el Sr. Julio Garifo con Resoluci\u00f3n interna de DIEMNS N\u00aa 0095\/89, por haber culminado el per\u00edodo de organizaci\u00f3n llevado a cabo por la Licenciada Gloria Villagra.<\/span><\/p>\n<p class=\"MsoNormal\" style=\"text-align: justify; text-indent: 35.45pt; margin: 6pt 0cm 6pt 42.55pt;\"><span lang=\"ES-AR\">El 24 de junio de 1989, es nombrado Secretario Acad\u00e9mico del IES. El Profesor Pedro Francisco Urquiza, proveniente de la Ciudad Capital de la Pcia. de Catamarca<span style=\"mso-spacerun: yes;\">\u00a0 <\/span>y el Profesor Jos\u00e9 Luis Rodriguez, como profesor de horas c\u00e1tedras,<span style=\"mso-spacerun: yes;\">\u00a0 <\/span>oriundo de la Pcia. de Buenos Aires, por designaci\u00f3n del Rector, de acuerdo a<span style=\"mso-spacerun: yes;\">\u00a0 <\/span>las facultades conferidas por Reglamento en vigencia.<\/span><\/p>\n<p class=\"MsoNormal\" style=\"text-align: justify; text-indent: 35.45pt; margin: 6pt 0cm 6pt 42.55pt;\"><span lang=\"ES-AR\">En el a\u00f1o 1990 se integra al plantel como Jefe del Departamento de Pedagog\u00eda, la Sra. Olga Antolinetti, de la Pcia. De Buenos Aires, Jubilada como Supervisora de Nivel Primario, quien realiza el primer taller docente. <\/span><\/p>\n<p class=\"MsoNormal\" style=\"text-align: justify; text-indent: 35.45pt; margin: 6pt 0cm 6pt 42.55pt;\"><span lang=\"ES-AR\">De las actas de la instituci\u00f3n se desprende que los profesorados de Historia y Matem\u00e1tica y Computaci\u00f3n inician sus actividades acad\u00e9micas con la creaci\u00f3n de los primeros a\u00f1os, en 1990.<\/span><\/p>\n<p class=\"MsoNormal\" style=\"text-align: justify; text-indent: 35.45pt; margin: 6pt 0cm 6pt 42.55pt;\"><span lang=\"ES-AR\"><span style=\"mso-tab-count: 1;\">\u00a0\u00a0\u00a0\u00a0\u00a0\u00a0\u00a0\u00a0 <\/span>El 30 de Noviembre de 1990 se crea un anexo de la instituci\u00f3n, en San Jos\u00e9, localidad de este departamento situada a 14km. al Sur, con la carrera de Profesorado de Educaci\u00f3n Primaria,<span style=\"mso-spacerun: yes;\">\u00a0 <\/span>funcionando en las instalaciones de la Escuela Pcial. N\u00ba 290<span style=\"mso-spacerun: yes;\">\u00a0 <\/span>y siendo la Sra. Olga Antolinetti quien desempe\u00f1a las funciones de Regente.<\/span><\/p>\n<p class=\"MsoNormal\" style=\"text-align: justify; text-indent: 35.45pt; margin: 6pt 0cm 6pt 42.55pt;\"><span lang=\"ES-AR\">A partir del a\u00f1o 1992<span style=\"mso-spacerun: yes;\">\u00a0 <\/span>asume como Rectora Normalizadora la Sra. Olga Antolinetti, durante cuya gesti\u00f3n se inicia el Profesorado en Ciencias Naturales en el Anexo San Jos\u00e9. Dicha carrera ser\u00e1 avalada posteriormente mediante Decreto Provincial 702-95.<\/span><\/p>\n<p class=\"MsoNormal\" style=\"text-align: justify; text-indent: 35.45pt; margin: 6pt 0cm 6pt 42.55pt;\"><span lang=\"ES-AR\">En el ciclo acad\u00e9mico 1993, luego de efectuado el Concurso de aspirantes a cubrir la Rector\u00eda del IES, es designada para el cargo la Licenciada Gladys Cabezas. Durante su gesti\u00f3n se inicia el dictado de clases en los Profesorados de Ense\u00f1anza B\u00e1sica y Especializado en Discapacitados Mentales y Sociales.<\/span><\/p>\n<p class=\"MsoNormal\" style=\"text-align: justify; text-indent: 35.45pt; margin: 6pt 0cm 6pt 42.55pt;\"><span lang=\"ES-AR\">El 18 de Agosto de 1.995 por resultado del llamado a Concurso de Antecedentes y oposici\u00f3n, toma posesi\u00f3n del cargo<span style=\"mso-spacerun: yes;\">\u00a0 <\/span>de Rectora, la Licenciada Elsa Noem\u00ed Pinetta, con car\u00e1cter titular en la ciudad capital de Catamarca. En el acto de asunci\u00f3n, le hacen entrega para su cumplimiento y dem\u00e1s efectos, las Resoluciones de Fusi\u00f3n del nivel Superior de la ex &#8211; Escuela Nacional Normal Superior \u00abAbel Acosta\u00bb de Santa Mar\u00eda y la Resoluci\u00f3n de cambio de planes de estudio del Profesorado de Ciencias Naturales por Profesorado en Ciencias Biol\u00f3gicas, Decreto 782\/95, que la Rectora saliente ten\u00eda dificultades para su implementaci\u00f3n.<\/span><\/p>\n<p class=\"MsoNormal\" style=\"text-align: justify; text-indent: 35.45pt; margin: 6pt 0cm 6pt 42.55pt;\"><span lang=\"ES-AR\"><span style=\"mso-tab-count: 1;\">\u00a0\u00a0\u00a0\u00a0\u00a0\u00a0\u00a0\u00a0 <\/span>El 23 de Agosto de 1995 recibe el aporte de las carreras terciarias de la Escuela Normal Abel Acosta, consistente en 13 secciones del PEB, 2 del PEI y 3 de la Tecnicatura Superior en Salud Rural. <\/span><\/p>\n<p class=\"MsoNormal\" style=\"text-align: justify; text-indent: 35.45pt; margin: 6pt 0cm 6pt 42.55pt;\"><span lang=\"ES-AR\">Indudablemente la fusi\u00f3n de las instituciones ha causado una crisis institucional grave, que ha implicado la fractura entre los profesores, bedeles y alumnos provenientes de una y otra instituci\u00f3n, situaci\u00f3n que perdura casi hasta la actualidad, por la fractura edilicia. En \u00e9ste momento, el quebrantamiento entre los profesores ha sido superado, en niveles aceptables.<\/span><\/p>\n<p class=\"MsoNormal\" style=\"text-align: justify; text-indent: 35.45pt; margin: 6pt 0cm 6pt 42.55pt;\"><span lang=\"ES-AR\">En el<span style=\"mso-spacerun: yes;\">\u00a0 <\/span>mes de Agosto del mismo a\u00f1o asumen como Secretarios Acad\u00e9micos: el Profesor V\u00edctor Romero, que se hace cargo de la conducci\u00f3n del Anexo San Jos\u00e9 y la Profesora Amalia Lagoria, responsable de la conducci\u00f3n acad\u00e9mica de las carreras que funcionan en la ciudad de Santa Mar\u00eda.<\/span><\/p>\n<p style=\"padding-left: 60px;\">\u00a0\u00a0\u00a0\u00a0\u00a0\u00a0\u00a0\u00a0\u00a0\u00a0\u00a0 En el a\u00f1o 2010 por Jubilaci\u00f3n de la Licenciada Elsa Pinetta de Aguirre\u00a0 queda a cargo de Rector\u00eda uno de los Secretarios Acad\u00e9micos Profesora Amalia Lagoria, continuando en Secretar\u00eda Acad\u00e9mica del Anexo San Jos\u00e9 el Profesor V\u00edctor Sesario Romero, Posteriormente en mayo de 2011 por disposici\u00f3n interna asume en el cargo que ocupaba la Prof. Lagoria (Secretaria Acad\u00e9mica) la Ing. Estela Noem\u00ed Yapura.<\/p>\n<p style=\"padding-left: 60px;\">\u00a0\u00a0\u00a0\u00a0\u00a0\u00a0\u00a0\u00a0\u00a0\u00a0 Con fecha 17 de Mayo de 2013 la Prof. Amalia Lagoria presenta su renuncia a sus funciones de Rectora, quedando a cargo de Rector\u00eda el Secretario Acad\u00e9mico Profesor V\u00edctor Romero.<\/p>\n<p style=\"padding-left: 60px;\">\u00a0\u00a0\u00a0\u00a0\u00a0\u00a0\u00a0\u00a0\u00a0\u00a0 El 2 de Septiembre de 2013 es designada por Resoluci\u00f3n Ministerial E. C.y T. N\u00ba 480 la Profesora Stella Maris Cisneros como Rectora Normalizadora junto a la T\u00e9cnica en Educaci\u00f3n Profesora Alcira Aguirre.<\/p>\n<p style=\"padding-left: 60px;\">\u00a0 \u00a0 \u00a0 \u00a0 \u00a0 \u00a0En fecha 11 de Abril de 2016 la Secretaria Academica Estela Yapura presenta su renuncia al cargo reintegr\u00e1ndose a su funci\u00f3n de Coordinadora de Investigaci\u00f3n y Desarrollo de Proyectos.<\/p>\n<p style=\"padding-left: 60px;\">\u00a0\u00a0\u00a0\u00a0\u00a0\u00a0\u00a0\u00a0\u00a0\u00a0 El I.E.S. Santa Mar\u00eda se ha constituido en un polo de desarrollo en el que la profesionalizaci\u00f3n t\u00e9cnica y\/o docente de los j\u00f3venes del Valle promueve la movilidad social, la mejora de las situaciones econ\u00f3micas originarias y la formaci\u00f3n de los valores esencialmente humanos; con una matr\u00edcula total en los \u00faltimos 5 a\u00f1os de m\u00e1s de 700 alumnos y un plantel de 150 docentes que se integran en permanentes actividades educativas y productivas de la comunidad.<\/p>\n<p class=\"MsoNormal\" style=\"text-align: justify; text-indent: 35.45pt; margin: 6pt 0cm 6pt 42.55pt;\">\n<p class=\"MsoNormal\" style=\"text-align: justify; text-indent: 35.45pt; margin: 6pt 0cm 6pt 42.55pt;\"><span lang=\"ES-AR\">\u00a0<\/span><\/p>\n","protected":false},"excerpt":{"rendered":"<p>La m\u00e1s alta Casa de Estudios de nuestra ciudad, Instituto de Estudios Superiores, \u00abSanta Mar\u00eda\u00bb, fue creada por el Decreto, N\u00ba 2261 Del Superior Gobierno de la Pcia.,\u00a0 el\u00a0 10 de Agosto de 1987, por el que se da apertura a\u00a0 los profesorados de Matem\u00e1tica, Historia y Ciencias de la Educaci\u00f3n. Es designada como Rectora &#8230; <a title=\"Sobre el Instituto\" class=\"read-more\" href=\"https:\/\/iessantamaria-cat.infd.edu.ar\/sitio\/sobre-el-instituto\/\" aria-label=\"More on Sobre el Instituto\">[+]<\/a><\/p>\n","protected":false},"author":45,"featured_media":0,"parent":0,"menu_order":0,"comment_status":"closed","ping_status":"closed","template":"","meta":[],"acf":[],"_links":{"self":[{"href":"https:\/\/iessantamaria-cat.infd.edu.ar\/sitio\/wp-json\/wp\/v2\/pages\/970"}],"collection":[{"href":"https:\/\/iessantamaria-cat.infd.edu.ar\/sitio\/wp-json\/wp\/v2\/pages"}],"about":[{"href":"https:\/\/iessantamaria-cat.infd.edu.ar\/sitio\/wp-json\/wp\/v2\/types\/page"}],"author":[{"embeddable":true,"href":"https:\/\/iessantamaria-cat.infd.edu.ar\/sitio\/wp-json\/wp\/v2\/users\/45"}],"replies":[{"embeddable":true,"href":"https:\/\/iessantamaria-cat.infd.edu.ar\/sitio\/wp-json\/wp\/v2\/comments?post=970"}],"version-history":[{"count":1,"href":"https:\/\/iessantamaria-cat.infd.edu.ar\/sitio\/wp-json\/wp\/v2\/pages\/970\/revisions"}],"predecessor-version":[{"id":1172,"href":"https:\/\/iessantamaria-cat.infd.edu.ar\/sitio\/wp-json\/wp\/v2\/pages\/970\/revisions\/1172"}],"wp:attachment":[{"href":"https:\/\/iessantamaria-cat.infd.edu.ar\/sitio\/wp-json\/wp\/v2\/media?parent=970"}],"curies":[{"name":"wp","href":"https:\/\/api.w.org\/{rel}","templated":true}]}}