{"id":644,"date":"2018-06-18T14:12:35","date_gmt":"2018-06-18T17:12:35","guid":{"rendered":"https:\/\/iessantamaria-cat.infd.edu.ar\/sitio\/?page_id=644"},"modified":"2020-03-16T21:10:52","modified_gmt":"2020-03-17T00:10:52","slug":"catalogo","status":"publish","type":"page","link":"https:\/\/iessantamaria-cat.infd.edu.ar\/sitio\/catalogo\/","title":{"rendered":"CAPACITACIONES"},"content":{"rendered":"<h3><a href=\"https:\/\/tic.infd.edu.ar\/tutoriales\/\"><strong>Tutoriales sobre el Campus Virtual<\/strong><\/a><\/h3>\n<p><a href=\"https:\/\/tic.infd.edu.ar\/aula\/catalogo.cgi\"><img decoding=\"async\" loading=\"lazy\" class=\"alignnone size-full wp-image-1225\" src=\"https:\/\/iessantamaria-cat.infd.edu.ar\/sitio\/wp-content\/uploads\/2019\/02\/12153noc0jl_10647d8c.jpg\" alt=\"\" width=\"640\" height=\"427\" \/><\/a><\/p>\n<p><!-- Para que el el iframe sea visible para usuarios no logueados, el catalogo debe ser p\u00fablico en el campus. Para configurarlo ir a la administraci\u00f3n del campus: Catalogo > Configuraci\u00f3n, y destildar la opci\u00f3n \"Cat\u00e1logo privado\"\n--><\/p>\n","protected":false},"excerpt":{"rendered":"<p>Tutoriales sobre el Campus Virtual<\/p>\n","protected":false},"author":1,"featured_media":0,"parent":0,"menu_order":0,"comment_status":"closed","ping_status":"closed","template":"","meta":[],"acf":[],"_links":{"self":[{"href":"https:\/\/iessantamaria-cat.infd.edu.ar\/sitio\/wp-json\/wp\/v2\/pages\/644"}],"collection":[{"href":"https:\/\/iessantamaria-cat.infd.edu.ar\/sitio\/wp-json\/wp\/v2\/pages"}],"about":[{"href":"https:\/\/iessantamaria-cat.infd.edu.ar\/sitio\/wp-json\/wp\/v2\/types\/page"}],"author":[{"embeddable":true,"href":"https:\/\/iessantamaria-cat.infd.edu.ar\/sitio\/wp-json\/wp\/v2\/users\/1"}],"replies":[{"embeddable":true,"href":"https:\/\/iessantamaria-cat.infd.edu.ar\/sitio\/wp-json\/wp\/v2\/comments?post=644"}],"version-history":[{"count":6,"href":"https:\/\/iessantamaria-cat.infd.edu.ar\/sitio\/wp-json\/wp\/v2\/pages\/644\/revisions"}],"predecessor-version":[{"id":1402,"href":"https:\/\/iessantamaria-cat.infd.edu.ar\/sitio\/wp-json\/wp\/v2\/pages\/644\/revisions\/1402"}],"wp:attachment":[{"href":"https:\/\/iessantamaria-cat.infd.edu.ar\/sitio\/wp-json\/wp\/v2\/media?parent=644"}],"curies":[{"name":"wp","href":"https:\/\/api.w.org\/{rel}","templated":true}]}}