{"id":2687,"date":"2025-04-10T23:06:37","date_gmt":"2025-04-11T02:06:37","guid":{"rendered":"https:\/\/iessantamaria-cat.infd.edu.ar\/sitio\/?page_id=2687"},"modified":"2025-04-10T23:06:38","modified_gmt":"2025-04-11T02:06:38","slug":"plan-de-estudio-tecnicatura-superior-en-administracion-y-gestion-de-empresas-de-alojamiento-y-gastronomicas","status":"publish","type":"page","link":"https:\/\/iessantamaria-cat.infd.edu.ar\/sitio\/plan-de-estudio-tecnicatura-superior-en-administracion-y-gestion-de-empresas-de-alojamiento-y-gastronomicas\/","title":{"rendered":"Plan de estudio Tecnicatura Superior en Administraci\u00f3n y gesti\u00f3n de empresas de alojamiento y gastron\u00f3micas"},"content":{"rendered":"\n<div class=\"wp-block-file\"><object class=\"wp-block-file__embed\" data=\"https:\/\/iessantamaria-cat.infd.edu.ar\/sitio\/wp-content\/uploads\/2025\/04\/Res.-Min.-1215-16-TS-en-Administracion-y-Gestion-de-Empresas-de-Alojamiento-y-Gastronomicas.pdf\" type=\"application\/pdf\" style=\"width:100%;height:600px\" aria-label=\"Incrustado de Res.-Min.-1215-16-TS-en-Administracion-y-Gestion-de-Empresas-de-Alojamiento-y-Gastronomicas.\"><\/object><a id=\"wp-block-file--media-169e8b63-729a-4a49-a9d3-7ec86ba0bbd3\" href=\"https:\/\/iessantamaria-cat.infd.edu.ar\/sitio\/wp-content\/uploads\/2025\/04\/Res.-Min.-1215-16-TS-en-Administracion-y-Gestion-de-Empresas-de-Alojamiento-y-Gastronomicas.pdf\">Res.-Min.-1215-16-TS-en-Administracion-y-Gestion-de-Empresas-de-Alojamiento-y-Gastronomicas<\/a><a href=\"https:\/\/iessantamaria-cat.infd.edu.ar\/sitio\/wp-content\/uploads\/2025\/04\/Res.-Min.-1215-16-TS-en-Administracion-y-Gestion-de-Empresas-de-Alojamiento-y-Gastronomicas.pdf\" class=\"wp-block-file__button wp-element-button\" download aria-describedby=\"wp-block-file--media-169e8b63-729a-4a49-a9d3-7ec86ba0bbd3\">Descarga<\/a><\/div>\n","protected":false},"excerpt":{"rendered":"","protected":false},"author":45,"featured_media":0,"parent":0,"menu_order":0,"comment_status":"closed","ping_status":"closed","template":"","meta":[],"acf":[],"_links":{"self":[{"href":"https:\/\/iessantamaria-cat.infd.edu.ar\/sitio\/wp-json\/wp\/v2\/pages\/2687"}],"collection":[{"href":"https:\/\/iessantamaria-cat.infd.edu.ar\/sitio\/wp-json\/wp\/v2\/pages"}],"about":[{"href":"https:\/\/iessantamaria-cat.infd.edu.ar\/sitio\/wp-json\/wp\/v2\/types\/page"}],"author":[{"embeddable":true,"href":"https:\/\/iessantamaria-cat.infd.edu.ar\/sitio\/wp-json\/wp\/v2\/users\/45"}],"replies":[{"embeddable":true,"href":"https:\/\/iessantamaria-cat.infd.edu.ar\/sitio\/wp-json\/wp\/v2\/comments?post=2687"}],"version-history":[{"count":1,"href":"https:\/\/iessantamaria-cat.infd.edu.ar\/sitio\/wp-json\/wp\/v2\/pages\/2687\/revisions"}],"predecessor-version":[{"id":2690,"href":"https:\/\/iessantamaria-cat.infd.edu.ar\/sitio\/wp-json\/wp\/v2\/pages\/2687\/revisions\/2690"}],"wp:attachment":[{"href":"https:\/\/iessantamaria-cat.infd.edu.ar\/sitio\/wp-json\/wp\/v2\/media?parent=2687"}],"curies":[{"name":"wp","href":"https:\/\/api.w.org\/{rel}","templated":true}]}}