{"id":2667,"date":"2025-04-10T22:30:56","date_gmt":"2025-04-11T01:30:56","guid":{"rendered":"https:\/\/iessantamaria-cat.infd.edu.ar\/sitio\/?page_id=2667"},"modified":"2026-02-12T13:13:42","modified_gmt":"2026-02-12T16:13:42","slug":"tecnicatura-superior-en-turismo","status":"publish","type":"page","link":"https:\/\/iessantamaria-cat.infd.edu.ar\/sitio\/tecnicatura-superior-en-turismo\/","title":{"rendered":"Tecnicatura superior en Turismo"},"content":{"rendered":"\n<p>La Tecnicatura Superior en Turismo a trav\u00e9s de su estructura curricular formar\u00e1 un profesional que estar\u00e1 capacitado para desempe\u00f1arse con calidad y eficiencia que le permitan: Planificar y ejecutar circuitos tur\u00edsticos respetando el patrimonio natural y cultural de la Regi\u00f3n. Organizar y administrar empresas tur\u00edsticas y desarrollar pol\u00edticas de promoci\u00f3n. Integrar equipos Interdisciplinarios para realizar investigaciones. Planificar el crecimiento de la infraestructura f\u00edsica de los Servicios.<\/p>\n\n\n\n<figure class=\"wp-block-image size-large\"><img decoding=\"async\" src=\"https:\/\/live.staticflickr.com\/7098\/7189952316_7916b13fa5_b.jpg\" alt=\"\"\/><\/figure>\n\n\n\n<div class=\"wp-block-file\"><object class=\"wp-block-file__embed\" data=\"https:\/\/iessantamaria-cat.infd.edu.ar\/sitio\/wp-content\/uploads\/2025\/04\/Res.-Min.-134-19-TS-en-Turismo.pdf\" type=\"application\/pdf\" style=\"width:100%;height:600px\" aria-label=\"Incrustado de Res.-Min.-134-19-TS-en-Turismo.\"><\/object><a id=\"wp-block-file--media-20ad8641-7df4-4b7f-90c5-22f4a9464f2b\" href=\"https:\/\/iessantamaria-cat.infd.edu.ar\/sitio\/wp-content\/uploads\/2025\/04\/Res.-Min.-134-19-TS-en-Turismo.pdf\">Res.-Min.-134-19-TS-en-Turismo<\/a><a href=\"https:\/\/iessantamaria-cat.infd.edu.ar\/sitio\/wp-content\/uploads\/2025\/04\/Res.-Min.-134-19-TS-en-Turismo.pdf\" class=\"wp-block-file__button wp-element-button\" download aria-describedby=\"wp-block-file--media-20ad8641-7df4-4b7f-90c5-22f4a9464f2b\">Descarga<\/a><\/div>\n\n\n\n<div class=\"wp-block-file\"><object class=\"wp-block-file__embed\" data=\"https:\/\/iessantamaria-cat.infd.edu.ar\/sitio\/wp-content\/uploads\/2025\/04\/Turismo-2022.pdf\" type=\"application\/pdf\" style=\"width:100%;height:600px\" aria-label=\"Incrustado de Turismo-2022.\"><\/object><a id=\"wp-block-file--media-1085ca29-c88c-44ad-9108-3bfe2edb67a3\" href=\"https:\/\/iessantamaria-cat.infd.edu.ar\/sitio\/wp-content\/uploads\/2025\/04\/Turismo-2022.pdf\">Turismo-2022<\/a><a href=\"https:\/\/iessantamaria-cat.infd.edu.ar\/sitio\/wp-content\/uploads\/2025\/04\/Turismo-2022.pdf\" class=\"wp-block-file__button wp-element-button\" download aria-describedby=\"wp-block-file--media-1085ca29-c88c-44ad-9108-3bfe2edb67a3\">Descarga<\/a><\/div>\n","protected":false},"excerpt":{"rendered":"<p>La Tecnicatura Superior en Turismo a trav\u00e9s de su estructura curricular formar\u00e1 un profesional que estar\u00e1 capacitado para desempe\u00f1arse con calidad y eficiencia que le permitan: Planificar y ejecutar circuitos tur\u00edsticos respetando el patrimonio natural y cultural de la Regi\u00f3n. Organizar y administrar empresas tur\u00edsticas y desarrollar pol\u00edticas de promoci\u00f3n. Integrar equipos Interdisciplinarios para realizar &#8230; <a title=\"Tecnicatura superior en Turismo\" class=\"read-more\" href=\"https:\/\/iessantamaria-cat.infd.edu.ar\/sitio\/tecnicatura-superior-en-turismo\/\" aria-label=\"More on Tecnicatura superior en Turismo\">[+]<\/a><\/p>\n","protected":false},"author":45,"featured_media":0,"parent":0,"menu_order":0,"comment_status":"closed","ping_status":"closed","template":"","meta":[],"acf":[],"_links":{"self":[{"href":"https:\/\/iessantamaria-cat.infd.edu.ar\/sitio\/wp-json\/wp\/v2\/pages\/2667"}],"collection":[{"href":"https:\/\/iessantamaria-cat.infd.edu.ar\/sitio\/wp-json\/wp\/v2\/pages"}],"about":[{"href":"https:\/\/iessantamaria-cat.infd.edu.ar\/sitio\/wp-json\/wp\/v2\/types\/page"}],"author":[{"embeddable":true,"href":"https:\/\/iessantamaria-cat.infd.edu.ar\/sitio\/wp-json\/wp\/v2\/users\/45"}],"replies":[{"embeddable":true,"href":"https:\/\/iessantamaria-cat.infd.edu.ar\/sitio\/wp-json\/wp\/v2\/comments?post=2667"}],"version-history":[{"count":2,"href":"https:\/\/iessantamaria-cat.infd.edu.ar\/sitio\/wp-json\/wp\/v2\/pages\/2667\/revisions"}],"predecessor-version":[{"id":2740,"href":"https:\/\/iessantamaria-cat.infd.edu.ar\/sitio\/wp-json\/wp\/v2\/pages\/2667\/revisions\/2740"}],"wp:attachment":[{"href":"https:\/\/iessantamaria-cat.infd.edu.ar\/sitio\/wp-json\/wp\/v2\/media?parent=2667"}],"curies":[{"name":"wp","href":"https:\/\/api.w.org\/{rel}","templated":true}]}}