{"id":2662,"date":"2025-04-10T22:24:33","date_gmt":"2025-04-11T01:24:33","guid":{"rendered":"https:\/\/iessantamaria-cat.infd.edu.ar\/sitio\/?page_id=2662"},"modified":"2026-02-12T13:29:24","modified_gmt":"2026-02-12T16:29:24","slug":"profesorado-de-educacion-especial-con-orientacion-en-discapacidad-intelectual","status":"publish","type":"page","link":"https:\/\/iessantamaria-cat.infd.edu.ar\/sitio\/profesorado-de-educacion-especial-con-orientacion-en-discapacidad-intelectual\/","title":{"rendered":"Profesorado de Educaci\u00f3n especial con orientaci\u00f3n en Discapacidad Intelectual"},"content":{"rendered":"\n<p>La respuesta aeste interrogante se obten dr\u00eda al considerar a la Educaci\u00f3n Especial desde los<br>marcos epistemol\u00f3gicos, en t\u00e9rminos de qui\u00e9nes, qu\u00e9, c\u00f3mo y d\u00f3nde se realiza. Entre \u00e9stos cobra vital importancia el qui\u00e9nes, entendido como aquellas personas con discapacidad que requieren un programa de educaci\u00f3n acorde a sus<br>necesidades, que brinde configuraciones necesarias y en funci\u00f3n de su entorno. Es decir, la especificidad est\u00e1 dada al estar destinada para aquellos sujetos que necesitan apoyos, modificaciones de curr\u00edculum o estrategias educativas para tener acceso a la educaci\u00f3n. De esta manera, lo que es \u00abespecial\u00bb, ya no es la escuela o la persona, sino la estrategia a seguir para garantizar su educaci\u00f3n.<\/p>\n\n\n<div class=\"wp-block-image\">\n<figure class=\"aligncenter size-large\"><img decoding=\"async\" src=\"https:\/\/i.pinimg.com\/736x\/d6\/95\/89\/d6958979c296db9c710a59914124264b.jpg\" alt=\"\"\/><\/figure><\/div>\n\n\n<div class=\"wp-block-file\"><object class=\"wp-block-file__embed\" data=\"https:\/\/iessantamaria-cat.infd.edu.ar\/sitio\/wp-content\/uploads\/2025\/04\/Res.-Min-968-18-Prof.-de-Educacion-Especial-con-Orientacion-en-Discapacidad-Intelectual.pdf\" type=\"application\/pdf\" style=\"width:100%;height:600px\" aria-label=\"Incrustado de Res.-Min-968-18-Prof.-de-Educacion-Especial-con-Orientacion-en-Discapacidad-Intelectual.\"><\/object><a id=\"wp-block-file--media-be15f3e6-63dd-49e1-8c55-4644d5038c36\" href=\"https:\/\/iessantamaria-cat.infd.edu.ar\/sitio\/wp-content\/uploads\/2025\/04\/Res.-Min-968-18-Prof.-de-Educacion-Especial-con-Orientacion-en-Discapacidad-Intelectual.pdf\">Res.-Min-968-18-Prof.-de-Educacion-Especial-con-Orientacion-en-Discapacidad-Intelectual<\/a><a href=\"https:\/\/iessantamaria-cat.infd.edu.ar\/sitio\/wp-content\/uploads\/2025\/04\/Res.-Min-968-18-Prof.-de-Educacion-Especial-con-Orientacion-en-Discapacidad-Intelectual.pdf\" class=\"wp-block-file__button wp-element-button\" download aria-describedby=\"wp-block-file--media-be15f3e6-63dd-49e1-8c55-4644d5038c36\">Descarga<\/a><\/div>\n\n\n\n<div class=\"wp-block-file\"><object class=\"wp-block-file__embed\" data=\"https:\/\/iessantamaria-cat.infd.edu.ar\/sitio\/wp-content\/uploads\/2025\/04\/DC-Profesorado-de-Educacion-Especial-con-Orientacion-en-Discapacidad-Intelectual.pdf\" type=\"application\/pdf\" style=\"width:100%;height:600px\" aria-label=\"Incrustado de DC-Profesorado-de-Educacion-Especial-con-Orientacion-en-Discapacidad-Intelectual.\"><\/object><a id=\"wp-block-file--media-3da566f3-8a74-4a35-8d5a-24a86ba6175a\" href=\"https:\/\/iessantamaria-cat.infd.edu.ar\/sitio\/wp-content\/uploads\/2025\/04\/DC-Profesorado-de-Educacion-Especial-con-Orientacion-en-Discapacidad-Intelectual.pdf\">DC-Profesorado-de-Educacion-Especial-con-Orientacion-en-Discapacidad-Intelectual<\/a><a href=\"https:\/\/iessantamaria-cat.infd.edu.ar\/sitio\/wp-content\/uploads\/2025\/04\/DC-Profesorado-de-Educacion-Especial-con-Orientacion-en-Discapacidad-Intelectual.pdf\" class=\"wp-block-file__button wp-element-button\" download aria-describedby=\"wp-block-file--media-3da566f3-8a74-4a35-8d5a-24a86ba6175a\">Descarga<\/a><\/div>\n\n\n\n<p>\u00bfQu\u00e9 es lo que hace especial a la Educaci\u00f3n Especial? <\/p>\n","protected":false},"excerpt":{"rendered":"<p>La respuesta aeste interrogante se obten dr\u00eda al considerar a la Educaci\u00f3n Especial desde losmarcos epistemol\u00f3gicos, en t\u00e9rminos de qui\u00e9nes, qu\u00e9, c\u00f3mo y d\u00f3nde se realiza. Entre \u00e9stos cobra vital importancia el qui\u00e9nes, entendido como aquellas personas con discapacidad que requieren un programa de educaci\u00f3n acorde a susnecesidades, que brinde configuraciones necesarias y en funci\u00f3n &#8230; <a title=\"Profesorado de Educaci\u00f3n especial con orientaci\u00f3n en Discapacidad Intelectual\" class=\"read-more\" href=\"https:\/\/iessantamaria-cat.infd.edu.ar\/sitio\/profesorado-de-educacion-especial-con-orientacion-en-discapacidad-intelectual\/\" aria-label=\"More on Profesorado de Educaci\u00f3n especial con orientaci\u00f3n en Discapacidad Intelectual\">[+]<\/a><\/p>\n","protected":false},"author":45,"featured_media":0,"parent":0,"menu_order":0,"comment_status":"closed","ping_status":"closed","template":"","meta":[],"acf":[],"_links":{"self":[{"href":"https:\/\/iessantamaria-cat.infd.edu.ar\/sitio\/wp-json\/wp\/v2\/pages\/2662"}],"collection":[{"href":"https:\/\/iessantamaria-cat.infd.edu.ar\/sitio\/wp-json\/wp\/v2\/pages"}],"about":[{"href":"https:\/\/iessantamaria-cat.infd.edu.ar\/sitio\/wp-json\/wp\/v2\/types\/page"}],"author":[{"embeddable":true,"href":"https:\/\/iessantamaria-cat.infd.edu.ar\/sitio\/wp-json\/wp\/v2\/users\/45"}],"replies":[{"embeddable":true,"href":"https:\/\/iessantamaria-cat.infd.edu.ar\/sitio\/wp-json\/wp\/v2\/comments?post=2662"}],"version-history":[{"count":2,"href":"https:\/\/iessantamaria-cat.infd.edu.ar\/sitio\/wp-json\/wp\/v2\/pages\/2662\/revisions"}],"predecessor-version":[{"id":2746,"href":"https:\/\/iessantamaria-cat.infd.edu.ar\/sitio\/wp-json\/wp\/v2\/pages\/2662\/revisions\/2746"}],"wp:attachment":[{"href":"https:\/\/iessantamaria-cat.infd.edu.ar\/sitio\/wp-json\/wp\/v2\/media?parent=2662"}],"curies":[{"name":"wp","href":"https:\/\/api.w.org\/{rel}","templated":true}]}}