{"id":1100,"date":"2018-10-17T01:20:58","date_gmt":"2018-10-17T04:20:58","guid":{"rendered":"https:\/\/iessantamaria-cat.infd.edu.ar\/sitio\/?page_id=1100"},"modified":"2018-10-17T01:20:58","modified_gmt":"2018-10-17T04:20:58","slug":"profesorado-en-geografia","status":"publish","type":"page","link":"https:\/\/iessantamaria-cat.infd.edu.ar\/sitio\/profesorado-en-geografia\/","title":{"rendered":"Profesorado en Geograf\u00eda"},"content":{"rendered":"<p>T\u00cdTULO QUE OTORGA: Profesor\/a de Educaci\u00f3n Secundaria en Geograf\u00eda<br \/>\nVALIDEZ: Nacional<br \/>\nDURACI\u00d3N: Cuatro (4) a\u00f1os<\/p>\n<p><img decoding=\"async\" loading=\"lazy\" class=\"alignnone size-full wp-image-1102\" src=\"https:\/\/iessantamaria-cat.infd.edu.ar\/sitio\/wp-content\/uploads\/2018\/10\/geografia.jpg\" alt=\"\" width=\"650\" height=\"649\" srcset=\"https:\/\/iessantamaria-cat.infd.edu.ar\/sitio\/wp-content\/uploads\/2018\/10\/geografia.jpg 650w, https:\/\/iessantamaria-cat.infd.edu.ar\/sitio\/wp-content\/uploads\/2018\/10\/geografia-500x500.jpg 500w\" sizes=\"(max-width: 650px) 100vw, 650px\" \/><\/p>\n<p>CONDICIONES DE INGRESO: Egresado de la Educaci\u00f3n Secundaria o Educaci\u00f3n<br \/>\nPolimodal. Para los alumnos mayores de 25 a\u00f1os sin T\u00edtulo Secundario, se acoger\u00e1n<br \/>\na lo establecido por la Ley de Educaci\u00f3n Superior N\u00b024521 (Art. 7\u00b0)<\/p>\n<p>INCUMBENCIAS: El egresado se encuentra habilitado para ejercer la docencia sobre<br \/>\nel campo de conocimiento de las Ciencias Pol\u00edticas en el nivel secundario, en<br \/>\nestablecimientos de dependencia estatal, privada, social, cooperativa de jurisdicci\u00f3n<br \/>\nMunicipal, Provincial y Nacional.<\/p>\n<p>PLAN DE ESTUDIOS:\u00a0<a href=\"https:\/\/iessantamaria-cat.infd.edu.ar\/sitio\/wp-content\/uploads\/2018\/10\/DISE\u00d1O-CURRICULAR-GEOGRAFIA.pdf\">DISE\u00d1O CURRICULAR GEOGRAFIA<\/a><\/p>\n<p>OBJETIVOS DE FORMACI\u00d3N:<\/p>\n<ul>\n<li>Brindar las herramientas necesarias para formar un docente capacitado para ense\u00f1ar<br \/>\ny transmitir los conocimientos y valores necesarios para la formaci\u00f3n integral de las<br \/>\npersonas y el desarrollo cultural y ciudadano de la provincia y la naci\u00f3n.<\/li>\n<li>Promover una construcci\u00f3n de la identidad docente basada en la formaci\u00f3n<br \/>\nprofesional, el v\u00ednculo con la cultura y la sociedad contempor\u00e1nea, el trabajo en equipo<br \/>\ny el compromiso con los resultados de aprendizaje de los estudiantes.<\/li>\n<li>Comprender al sujeto de ense\u00f1anza en sus dimensiones subjetivas, psicol\u00f3gicas,<br \/>\ncognitivas, afectivas y socioculturales.<\/li>\n<li>Enriquecer el capital cultural especialmente en el campo de las ciencias sociales,<br \/>\nentendiendo al docente como trabajador, recreador de la cultura y transmisor de los<br \/>\nconocimientos de las ciencias sociales.<\/li>\n<li>Adquirir herramientas conceptuales e instrumentales que posibiliten tomar<br \/>\ndecisiones, orientar y evaluar procesos en la ense\u00f1anza y aprendizaje de la Geograf\u00eda,<br \/>\natendiendo a las singularidades del Nivel Secundario y a la diversidad de contextos.<\/li>\n<li>Asumir la actividad docente como una pr\u00e1ctica social transformadora que revaloriza<br \/>\nel conocimiento cient\u00edfico como herramienta necesaria para comprender y transformar<br \/>\nla realidad.<\/li>\n<li>Aprender a ense\u00f1ar desarrollando una relaci\u00f3n con el conocimiento que promueva la<br \/>\nreflexi\u00f3n y actualizaci\u00f3n permanente de los marcos te\u00f3ricos de referencia.<\/li>\n<li>Colaborar en la construcci\u00f3n de posiciones cr\u00edticas, emancipadoras e inclusoras<br \/>\nfrente a las tendencias dominantes y a los valores hegem\u00f3nicos acerca de los saberes<br \/>\ndel campo de las Ciencias Humanas y Sociales.<\/li>\n<li>Propiciar la participaci\u00f3n responsable y cr\u00edtica en las decisiones territoriales en<br \/>\ndistintas escalas.<\/li>\n<li>Promover el conocimiento del espacio vivido y del territorio nacional, identificando<br \/>\nsus problem\u00e1ticas sociales y ambientales para plantear posibles acciones alternativas<br \/>\ntendientes a lograr un desarrollo econ\u00f3mico, social y ambiental sustentable.<\/li>\n<\/ul>\n","protected":false},"excerpt":{"rendered":"<p>T\u00cdTULO QUE OTORGA: Profesor\/a de Educaci\u00f3n Secundaria en Geograf\u00eda VALIDEZ: Nacional DURACI\u00d3N: Cuatro (4) a\u00f1os CONDICIONES DE INGRESO: Egresado de la Educaci\u00f3n Secundaria o Educaci\u00f3n Polimodal. Para los alumnos mayores de 25 a\u00f1os sin T\u00edtulo Secundario, se acoger\u00e1n a lo establecido por la Ley de Educaci\u00f3n Superior N\u00b024521 (Art. 7\u00b0) INCUMBENCIAS: El egresado se encuentra &#8230; <a title=\"Profesorado en Geograf\u00eda\" class=\"read-more\" href=\"https:\/\/iessantamaria-cat.infd.edu.ar\/sitio\/profesorado-en-geografia\/\" aria-label=\"More on Profesorado en Geograf\u00eda\">[+]<\/a><\/p>\n","protected":false},"author":45,"featured_media":0,"parent":0,"menu_order":0,"comment_status":"closed","ping_status":"closed","template":"","meta":[],"acf":[],"_links":{"self":[{"href":"https:\/\/iessantamaria-cat.infd.edu.ar\/sitio\/wp-json\/wp\/v2\/pages\/1100"}],"collection":[{"href":"https:\/\/iessantamaria-cat.infd.edu.ar\/sitio\/wp-json\/wp\/v2\/pages"}],"about":[{"href":"https:\/\/iessantamaria-cat.infd.edu.ar\/sitio\/wp-json\/wp\/v2\/types\/page"}],"author":[{"embeddable":true,"href":"https:\/\/iessantamaria-cat.infd.edu.ar\/sitio\/wp-json\/wp\/v2\/users\/45"}],"replies":[{"embeddable":true,"href":"https:\/\/iessantamaria-cat.infd.edu.ar\/sitio\/wp-json\/wp\/v2\/comments?post=1100"}],"version-history":[{"count":1,"href":"https:\/\/iessantamaria-cat.infd.edu.ar\/sitio\/wp-json\/wp\/v2\/pages\/1100\/revisions"}],"predecessor-version":[{"id":1103,"href":"https:\/\/iessantamaria-cat.infd.edu.ar\/sitio\/wp-json\/wp\/v2\/pages\/1100\/revisions\/1103"}],"wp:attachment":[{"href":"https:\/\/iessantamaria-cat.infd.edu.ar\/sitio\/wp-json\/wp\/v2\/media?parent=1100"}],"curies":[{"name":"wp","href":"https:\/\/api.w.org\/{rel}","templated":true}]}}