{"id":1056,"date":"2018-08-30T11:23:29","date_gmt":"2018-08-30T14:23:29","guid":{"rendered":"https:\/\/iessantamaria-cat.infd.edu.ar\/sitio\/horarios-de-clase-7\/"},"modified":"2024-02-22T03:11:55","modified_gmt":"2024-02-22T06:11:55","slug":"horarios-de-clase-7","status":"publish","type":"page","link":"https:\/\/iessantamaria-cat.infd.edu.ar\/sitio\/horarios-de-clase-7\/","title":{"rendered":"Tecnicatura Superior en Gesti\u00f3n de Energ\u00edas Renovables, uso racional y eficiencia energ\u00e9tica"},"content":{"rendered":"<p>El T\u00e9cnico Superior en Gesti\u00f3n de energ\u00edas Renovables, uso racional y eficiencia energ\u00e9tica est\u00e1 capacitado para manifestar conocimientos, habilidades, destrezas, valores y actitudes en situaciones reales de trabajo conforme a criterios de profesionalidad propios de su \u00e1rea y responsabilidad social.<\/p>\n<p>Durante su formaci\u00f3n desarrolla las siguientes capacidades:<\/p>\n<ul>\n<li>Dise\u00f1ar, proyectar, evaluar y gestionar la instalaci\u00f3n y aprovechamiento de energ\u00edas renovables, uso racional y eficiencia energ\u00e9tica.<\/li>\n<li>Implementar, mantener y mejorar un sistema de gesti\u00f3n de energ\u00eda.<\/li>\n<li>Gestionar la operaci\u00f3n y mantenimiento de componentes, equipos e instalaciones de energ\u00edas renovables, uso racional y eficiencia energ\u00e9tica, teniendo en cuenta condiciones de higiene y seguridad en el trabajo y las normas de calidad ambientales.<\/li>\n<li>Gestionar los recursos necesarios para desarrollar las actividades de la organizaci\u00f3n.<\/li>\n<li>Interactuar con los diferentes roles ocupacionales y \u00e1reas organizacionales, mediante un trabjo en equipo de car\u00e1cter cooperativo, con capacidad para negociar, argumentar y articular propuestas, necesidades y expectativas.<\/li>\n<li>Generar propuestas innovadoras y\/o emprendimientos productivos propios del \u00e1mbito de la gesti\u00f3n de energ\u00edas renovables, uso racional y eficiencia energ\u00e9tica.<\/li>\n<\/ul>\n<p><img decoding=\"async\" loading=\"lazy\" class=\"aligncenter\" src=\"https:\/\/www.ecured.cu\/images\/thumb\/e\/ee\/Energ%C3%ADa_renovablee.jpg\/1200px-Energ%C3%ADa_renovablee.jpg\" alt=\"Energ\u00eda renovable - EcuRed\" width=\"639\" height=\"363\"><\/p>\n\n\n<figure class=\"wp-block-table is-style-stripes\"><table><tbody><tr><td colspan=\"3\"><strong>PRIMER A\u00d1O<\/strong><\/td><\/tr><tr><td><strong>Unidad Curricular<\/strong><\/td><td><strong>R\u00e9gimen<\/strong><\/td><td><strong>Horas<\/strong><\/td><\/tr><tr><td>Comunicaci\u00f3n<\/td><td>1\u00ba Cuatrimestre<\/td><td>3<\/td><\/tr><tr><td>Inform\u00e1tica<\/td><td>1\u00ba Cuatrimestre<\/td><td>3<\/td><\/tr><tr><td>F\u00edsica<\/td><td>Anual<\/td><td>3<\/td><\/tr><tr><td>Matem\u00e1tica y Estad\u00edstica<\/td><td>Anual<\/td><td>3<\/td><\/tr><tr><td>Qu\u00edmica<\/td><td>Anual<\/td><td>3<\/td><\/tr><tr><td>Ingles T\u00e9cnico<\/td><td>Anual<\/td><td>3<\/td><\/tr><tr><td>Sistemas de representaci\u00f3n<\/td><td>2\u00ba Cuatrimestre<\/td><td>3<\/td><\/tr><tr><td>Electrotecnia e instrumentos de medici\u00f3n<\/td><td>Anual<\/td><td>3<\/td><\/tr><tr><td>Pol\u00edtica energ\u00e9tica<\/td><td>Anual<\/td><td>3<\/td><\/tr><tr><td>Energ\u00eda solar<\/td><td>Anual<\/td><td>3<\/td><\/tr><tr><td colspan=\"3\"><strong>SEGUNDO A\u00d1O<\/strong><\/td><\/tr><tr><td>Problem\u00e1ticas socio contempor\u00e1neas<\/td><td>1\u00ba Cuatrimestre<\/td><td><strong>3<\/strong><\/td><\/tr><tr><td>Innovaci\u00f3n y desarrollo emprendedor<\/td><td>Anual<\/td><td>3<\/td><\/tr><tr><td>Instalaciones el\u00e9ctricas eficientes<\/td><td>Anual<\/td><td>3<\/td><\/tr><tr><td>Energ\u00eda de biomasa<\/td><td>Anual<\/td><td>3<\/td><\/tr><tr><td>Gesti\u00f3n de la energ\u00eda<\/td><td>Anual<\/td><td>3<\/td><\/tr><tr><td>Instalaciones t\u00e9rmicas eficientes<\/td><td>Anual<\/td><td>3<\/td><\/tr><tr><td>Inm\u00f3tica<\/td><td>Anual<\/td><td>3<\/td><\/tr><tr><td>Termodin\u00e1mica aplicada<\/td><td>Anual<\/td><td>3<\/td><\/tr><tr><td>Pr\u00e1ctica profesionalizante I<\/td><td>Anual<\/td><td>6<\/td><\/tr><tr><td colspan=\"3\"><strong>TERCER A\u00d1O<\/strong><\/td><\/tr><tr><td>\u00c9tica y responsabilidad social<\/td><td>1\u00ba Cuatrimestre<\/td><td>3<\/td><\/tr><tr><td>Legislaci\u00f3n laboral<\/td><td>2\u00ba Cuatrimestre<\/td><td>3<\/td><\/tr><tr><td>Gesti\u00f3n de seguridad, salud ocupacional y medio ambiente<\/td><td>Anual<\/td><td>3<\/td><\/tr><tr><td>Energ\u00eda e\u00f3lica<\/td><td>1\u00ba Cuatrimestre<\/td><td>3<\/td><\/tr><tr><td>Energ\u00eda mini hidr\u00e1ulica<\/td><td>2\u00ba Cuatrimestre<\/td><td>3<\/td><\/tr><tr><td>Arquitectura biodin\u00e1mica<\/td><td>Anual<\/td><td>3<\/td><\/tr><tr><td>Gesti\u00f3n de la operaci\u00f3n de centrales de energ\u00edas renovables<\/td><td>Anual<\/td><td>3<\/td><\/tr><tr><td>Evaluaci\u00f3n y gesti\u00f3n de proyectos<\/td><td>Anual<\/td><td>3<\/td><\/tr><tr><td>Mercados energ\u00e9ticos y redes inteligentes<\/td><td>Anual<\/td><td>3<\/td><\/tr><tr><td>Pr\u00e1ctica profesionlizante II<\/td><td>Anual<\/td><td>3<\/td><\/tr><\/tbody><\/table><\/figure>\n\n\n\n<div class=\"wp-block-file\"><object class=\"wp-block-file__embed\" data=\"https:\/\/iessantamaria-cat.infd.edu.ar\/sitio\/wp-content\/uploads\/2024\/02\/Res.-Min.-1266-16-TS-en-Gestion-de-Energias-Renovables.pdf\" type=\"application\/pdf\" style=\"width:100%;height:600px\" aria-label=\"Incrustado de Res. Min. 1266-16 - TS en Gestion de Energias Renovables.\"><\/object><a id=\"wp-block-file--media-9ec00115-677a-4184-87f4-6fa0801c66ab\" href=\"https:\/\/iessantamaria-cat.infd.edu.ar\/sitio\/wp-content\/uploads\/2024\/02\/Res.-Min.-1266-16-TS-en-Gestion-de-Energias-Renovables.pdf\">Res. Min. 1266-16 &#8211; TS en Gestion de Energias Renovables<\/a><a href=\"https:\/\/iessantamaria-cat.infd.edu.ar\/sitio\/wp-content\/uploads\/2024\/02\/Res.-Min.-1266-16-TS-en-Gestion-de-Energias-Renovables.pdf\" class=\"wp-block-file__button wp-element-button\" download aria-describedby=\"wp-block-file--media-9ec00115-677a-4184-87f4-6fa0801c66ab\">Descarga<\/a><\/div>\n","protected":false},"excerpt":{"rendered":"<p>El T\u00e9cnico Superior en Gesti\u00f3n de energ\u00edas Renovables, uso racional y eficiencia energ\u00e9tica est\u00e1 capacitado para manifestar conocimientos, habilidades, destrezas, valores y actitudes en situaciones reales de trabajo conforme a criterios de profesionalidad propios de su \u00e1rea y responsabilidad social. Durante su formaci\u00f3n desarrolla las siguientes capacidades: Dise\u00f1ar, proyectar, evaluar y gestionar la instalaci\u00f3n y &#8230; <a title=\"Tecnicatura Superior en Gesti\u00f3n de Energ\u00edas Renovables, uso racional y eficiencia energ\u00e9tica\" class=\"read-more\" href=\"https:\/\/iessantamaria-cat.infd.edu.ar\/sitio\/horarios-de-clase-7\/\" aria-label=\"More on Tecnicatura Superior en Gesti\u00f3n de Energ\u00edas Renovables, uso racional y eficiencia energ\u00e9tica\">[+]<\/a><\/p>\n","protected":false},"author":45,"featured_media":0,"parent":0,"menu_order":0,"comment_status":"closed","ping_status":"closed","template":"","meta":[],"acf":[],"_links":{"self":[{"href":"https:\/\/iessantamaria-cat.infd.edu.ar\/sitio\/wp-json\/wp\/v2\/pages\/1056"}],"collection":[{"href":"https:\/\/iessantamaria-cat.infd.edu.ar\/sitio\/wp-json\/wp\/v2\/pages"}],"about":[{"href":"https:\/\/iessantamaria-cat.infd.edu.ar\/sitio\/wp-json\/wp\/v2\/types\/page"}],"author":[{"embeddable":true,"href":"https:\/\/iessantamaria-cat.infd.edu.ar\/sitio\/wp-json\/wp\/v2\/users\/45"}],"replies":[{"embeddable":true,"href":"https:\/\/iessantamaria-cat.infd.edu.ar\/sitio\/wp-json\/wp\/v2\/comments?post=1056"}],"version-history":[{"count":2,"href":"https:\/\/iessantamaria-cat.infd.edu.ar\/sitio\/wp-json\/wp\/v2\/pages\/1056\/revisions"}],"predecessor-version":[{"id":2568,"href":"https:\/\/iessantamaria-cat.infd.edu.ar\/sitio\/wp-json\/wp\/v2\/pages\/1056\/revisions\/2568"}],"wp:attachment":[{"href":"https:\/\/iessantamaria-cat.infd.edu.ar\/sitio\/wp-json\/wp\/v2\/media?parent=1056"}],"curies":[{"name":"wp","href":"https:\/\/api.w.org\/{rel}","templated":true}]}}