{"id":1049,"date":"2018-08-30T11:23:25","date_gmt":"2018-08-30T14:23:25","guid":{"rendered":"https:\/\/iessantamaria-cat.infd.edu.ar\/sitio\/mesas-de-examenes-10\/"},"modified":"2024-02-22T03:11:17","modified_gmt":"2024-02-22T06:11:17","slug":"mesas-de-examenes-10","status":"publish","type":"page","link":"https:\/\/iessantamaria-cat.infd.edu.ar\/sitio\/mesas-de-examenes-10\/","title":{"rendered":"Tecnicatura Superior en Desarrollo de Software"},"content":{"rendered":"<p>Los cambios que el desarrollo cient\u00edfico y tecnol\u00f3gico ha tra\u00eddo consigo, se presentan como ampliaci\u00f3n y profundizaci\u00f3n del conocimiento reflej\u00e1ndose en el \u00e1mbito de la econom\u00eda y del trabajo, inaugurando nuevas perspectivas en los sistemas organizacionales, en los reg\u00edmenes de trabajo y en la producci\u00f3n industrial y tecnol\u00f3gica. a esto se llama revoluci\u00f3n cient\u00edfico-t\u00e9cnica, pero adem\u00e1s se esta produciendo una revoluci\u00f3n en el saber que se expresa en las ciencias y fuera de ellas, en la tecnolog\u00eda y en la vida cotidiana.<\/p>\n<p>El crecimiento de la inform\u00e1tica, de las nuevas tecnolog\u00edas, el desarrollo del software, de los modos de hacer y nuevos artefactos en todos los espacios de la actividad humana, plantea la necesidad de conocer los modos de concebir y producir el conocimiento y la ciencia misma, para lo cual se hace imprescindible contar con profesionales legitimados y responsables, formados a partir de estudios actualizados, sistem\u00e1ticos y coherentes en su relaci\u00f3n con los valores humanos.<\/p>\n<p><img decoding=\"async\" src=\"https:\/\/th.bing.com\/th\/id\/OIP.WFIPqklQ5xY8igwPR8t1bQHaD4?w=750&amp;h=393&amp;rs=1&amp;pid=ImgDetMain\" alt=\"Prestataire Cr\u00e9ation Site Web &amp; eCommerce Professionnel | Slagon\u00ae\"><\/p>\n<table style=\"height: 2853px;\" width=\"977\">\n<tbody>\n<tr>\n<td colspan=\"3\" width=\"482\"><strong>PRIMER A\u00d1O<\/strong><\/td>\n<\/tr>\n<tr>\n<td width=\"302\"><strong>Unidad Curricular<\/strong><\/td>\n<td width=\"113\"><strong>R\u00e9gimen<\/strong><\/td>\n<td width=\"66\"><strong>Horas<\/strong><\/td>\n<\/tr>\n<tr>\n<td width=\"302\">Taller de dise\u00f1o de software I<\/td>\n<td width=\"113\">Anual<\/td>\n<td width=\"66\">4<\/td>\n<\/tr>\n<tr>\n<td width=\"302\">Matem\u00e1tica Discreta<\/td>\n<td width=\"113\">1\u00ba Cuatrimestre<\/td>\n<td width=\"66\">4<\/td>\n<\/tr>\n<tr>\n<td width=\"302\">Ingl\u00e9s t\u00e9cnico I<\/td>\n<td width=\"113\">1\u00ba Cuatrimestre<\/td>\n<td width=\"66\">4<\/td>\n<\/tr>\n<tr>\n<td width=\"302\">Arquitectura de la computadora<\/td>\n<td width=\"113\">1\u00ba Cuatrimestre<\/td>\n<td width=\"66\">4<\/td>\n<\/tr>\n<tr>\n<td width=\"302\">Algoritmos<\/td>\n<td width=\"113\">1\u00ba Cuatrimestre<\/td>\n<td width=\"66\">4<\/td>\n<\/tr>\n<tr>\n<td width=\"302\">Sistemas Operativos I<\/td>\n<td width=\"113\">1\u00ba Cuatrimestre<\/td>\n<td width=\"66\">4<\/td>\n<\/tr>\n<tr>\n<td width=\"302\">Algebra y programaci\u00f3n<\/td>\n<td width=\"113\">2\u00ba Cuatrimestre<\/td>\n<td width=\"66\">4<\/td>\n<\/tr>\n<tr>\n<td width=\"302\">Arquitectura de la computadora II<\/td>\n<td width=\"113\">2\u00ba Cuatrimestre<\/td>\n<td width=\"66\">4<\/td>\n<\/tr>\n<tr>\n<td width=\"302\">Ingl\u00e9s t\u00e9cnico II<\/td>\n<td width=\"113\">2\u00ba Cuatrimestre<\/td>\n<td width=\"66\">4<\/td>\n<\/tr>\n<tr>\n<td width=\"302\">Arquitecturas de bases de datos<\/td>\n<td width=\"113\">2\u00ba Cuatrimestre<\/td>\n<td width=\"66\">4<\/td>\n<\/tr>\n<tr>\n<td width=\"302\">Sistemas Operativos II<\/td>\n<td width=\"113\">2\u00ba Cuatrimestre<\/td>\n<td width=\"66\">4<\/td>\n<\/tr>\n<tr>\n<td width=\"302\">Filosof\u00eda de la ciencia y de la t\u00e9cnica<\/td>\n<td width=\"113\">2\u00ba Cuatrimestre<\/td>\n<td width=\"66\">4<\/td>\n<\/tr>\n<tr>\n<td colspan=\"3\" width=\"482\"><strong>SEGUNDO A\u00d1O<\/strong><\/td>\n<\/tr>\n<tr>\n<td width=\"302\">Taller de dise\u00f1o de software II<\/td>\n<td width=\"113\">Anual<\/td>\n<td width=\"66\"><strong>4<\/strong><\/td>\n<\/tr>\n<tr>\n<td width=\"302\">An\u00e1lisis matem\u00e1tico<\/td>\n<td width=\"113\">1\u00ba Cuatrimestre<\/td>\n<td width=\"66\">4<\/td>\n<\/tr>\n<tr>\n<td width=\"302\">Probabilidades y estad\u00edsticas<\/td>\n<td width=\"113\">1\u00ba Cuatrimestre<\/td>\n<td width=\"66\">4<\/td>\n<\/tr>\n<tr>\n<td width=\"302\">Sistemas y organizaciones de empresas<\/td>\n<td width=\"113\">1\u00ba Cuatrimestre<\/td>\n<td width=\"66\">4<\/td>\n<\/tr>\n<tr>\n<td width=\"302\">Programaci\u00f3n orientada a objetos I<\/td>\n<td width=\"113\">1\u00ba Cuatrimestre<\/td>\n<td width=\"66\">4<\/td>\n<\/tr>\n<tr>\n<td width=\"302\">Estructura de datos I<\/td>\n<td width=\"113\">1\u00ba Cuatrimestre<\/td>\n<td width=\"66\">4<\/td>\n<\/tr>\n<tr>\n<td width=\"302\">Ingl\u00e9s III<\/td>\n<td width=\"113\">1\u00ba Cuatrimestre<\/td>\n<td width=\"66\">4<\/td>\n<\/tr>\n<tr>\n<td width=\"302\">Estructuras de Datos II<\/td>\n<td width=\"113\">2\u00ba Cuatrimestre<\/td>\n<td width=\"66\">4<\/td>\n<\/tr>\n<tr>\n<td width=\"302\">Matem\u00e1tica financiera<\/td>\n<td width=\"113\">2\u00ba Cuatrimestre<\/td>\n<td width=\"66\">4<\/td>\n<\/tr>\n<tr>\n<td width=\"302\">Desarrollo web integrado I<\/td>\n<td width=\"113\">2\u00ba Cuatrimestre<\/td>\n<td width=\"66\">4<\/td>\n<\/tr>\n<tr>\n<td width=\"302\">Programaci\u00f3n orientada a objetos II<\/td>\n<td width=\"113\">2\u00ba Cuatrimestre<\/td>\n<td width=\"66\">4<\/td>\n<\/tr>\n<tr>\n<td width=\"302\">Redes de datos<\/td>\n<td width=\"113\">2\u00ba Cuatrimestre<\/td>\n<td width=\"66\">4<\/td>\n<\/tr>\n<tr>\n<td width=\"302\">Bases de datos<\/td>\n<td width=\"113\">2\u00ba Cuatrimestre<\/td>\n<td width=\"66\">4<\/td>\n<\/tr>\n<tr>\n<td colspan=\"3\" width=\"482\"><strong>TERCER A\u00d1O<\/strong><\/td>\n<\/tr>\n<tr>\n<td width=\"302\">Pasant\u00eda<\/td>\n<td width=\"113\">Anual<\/td>\n<td width=\"66\">10<\/td>\n<\/tr>\n<tr>\n<td width=\"302\">Legislaci\u00f3n<\/td>\n<td width=\"113\">1\u00ba Cuatrimestre<\/td>\n<td width=\"66\">4<\/td>\n<\/tr>\n<tr>\n<td width=\"302\">Dise\u00f1o de software<\/td>\n<td width=\"113\">1\u00ba Cuatrimestre<\/td>\n<td width=\"66\">4<\/td>\n<\/tr>\n<tr>\n<td width=\"302\">Interacci\u00f3n Hombre-Maquina<\/td>\n<td width=\"113\">1\u00ba Cuatrimestre<\/td>\n<td width=\"66\">4<\/td>\n<\/tr>\n<tr>\n<td width=\"302\">Desarrollo web integrado II<\/td>\n<td width=\"113\">1\u00ba Cuatrimestre<\/td>\n<td width=\"66\">4<\/td>\n<\/tr>\n<tr>\n<td width=\"302\">Gesti\u00f3n de proyecto<\/td>\n<td width=\"113\">1\u00ba Cuatrimestre<\/td>\n<td width=\"66\">4<\/td>\n<\/tr>\n<tr>\n<td width=\"302\">\u00c9tica profesional<\/td>\n<td width=\"113\">2\u00ba Cuatrimestre<\/td>\n<td width=\"66\">4<\/td>\n<\/tr>\n<tr>\n<td width=\"302\">Seguridad de la informaci\u00f3n<\/td>\n<td width=\"113\">2\u00ba Cuatrimestre<\/td>\n<td width=\"66\">4<\/td>\n<\/tr>\n<tr>\n<td width=\"302\">M\u00e9tricas del software<\/td>\n<td width=\"113\">2\u00ba Cuatrimestre<\/td>\n<td width=\"66\">4<\/td>\n<\/tr>\n<tr>\n<td width=\"302\">Inteligencia artificial<\/td>\n<td width=\"113\">2\u00ba Cuatrimestre<\/td>\n<td width=\"66\">4<\/td>\n<\/tr>\n<tr>\n<td width=\"302\">Seminario<\/td>\n<td width=\"113\">2\u00ba Cuatrimestre<\/td>\n<td width=\"66\">6<\/td>\n<\/tr>\n<\/tbody>\n<\/table>\n\n\n<div class=\"wp-block-file\"><object class=\"wp-block-file__embed\" data=\"https:\/\/iessantamaria-cat.infd.edu.ar\/sitio\/wp-content\/uploads\/2024\/02\/Res.-Desarrollo-de-Software-Dig-2.pdf\" type=\"application\/pdf\" style=\"width:100%;height:600px\" aria-label=\"Incrustado de Res. Desarrollo de Software Dig (2).\"><\/object><a id=\"wp-block-file--media-40e49939-6f66-47a1-b2ed-ebf526ab7621\" href=\"https:\/\/iessantamaria-cat.infd.edu.ar\/sitio\/wp-content\/uploads\/2024\/02\/Res.-Desarrollo-de-Software-Dig-2.pdf\">Res. Desarrollo de Software Dig (2)<\/a><a href=\"https:\/\/iessantamaria-cat.infd.edu.ar\/sitio\/wp-content\/uploads\/2024\/02\/Res.-Desarrollo-de-Software-Dig-2.pdf\" class=\"wp-block-file__button wp-element-button\" download aria-describedby=\"wp-block-file--media-40e49939-6f66-47a1-b2ed-ebf526ab7621\">Descarga<\/a><\/div>\n","protected":false},"excerpt":{"rendered":"<p>Los cambios que el desarrollo cient\u00edfico y tecnol\u00f3gico ha tra\u00eddo consigo, se presentan como ampliaci\u00f3n y profundizaci\u00f3n del conocimiento reflej\u00e1ndose en el \u00e1mbito de la econom\u00eda y del trabajo, inaugurando nuevas perspectivas en los sistemas organizacionales, en los reg\u00edmenes de trabajo y en la producci\u00f3n industrial y tecnol\u00f3gica. a esto se llama revoluci\u00f3n cient\u00edfico-t\u00e9cnica, pero &#8230; <a title=\"Tecnicatura Superior en Desarrollo de Software\" class=\"read-more\" href=\"https:\/\/iessantamaria-cat.infd.edu.ar\/sitio\/mesas-de-examenes-10\/\" aria-label=\"More on Tecnicatura Superior en Desarrollo de Software\">[+]<\/a><\/p>\n","protected":false},"author":45,"featured_media":0,"parent":0,"menu_order":0,"comment_status":"closed","ping_status":"closed","template":"","meta":[],"acf":[],"_links":{"self":[{"href":"https:\/\/iessantamaria-cat.infd.edu.ar\/sitio\/wp-json\/wp\/v2\/pages\/1049"}],"collection":[{"href":"https:\/\/iessantamaria-cat.infd.edu.ar\/sitio\/wp-json\/wp\/v2\/pages"}],"about":[{"href":"https:\/\/iessantamaria-cat.infd.edu.ar\/sitio\/wp-json\/wp\/v2\/types\/page"}],"author":[{"embeddable":true,"href":"https:\/\/iessantamaria-cat.infd.edu.ar\/sitio\/wp-json\/wp\/v2\/users\/45"}],"replies":[{"embeddable":true,"href":"https:\/\/iessantamaria-cat.infd.edu.ar\/sitio\/wp-json\/wp\/v2\/comments?post=1049"}],"version-history":[{"count":2,"href":"https:\/\/iessantamaria-cat.infd.edu.ar\/sitio\/wp-json\/wp\/v2\/pages\/1049\/revisions"}],"predecessor-version":[{"id":2567,"href":"https:\/\/iessantamaria-cat.infd.edu.ar\/sitio\/wp-json\/wp\/v2\/pages\/1049\/revisions\/2567"}],"wp:attachment":[{"href":"https:\/\/iessantamaria-cat.infd.edu.ar\/sitio\/wp-json\/wp\/v2\/media?parent=1049"}],"curies":[{"name":"wp","href":"https:\/\/api.w.org\/{rel}","templated":true}]}}