{"id":1020,"date":"2018-08-30T11:23:11","date_gmt":"2018-08-30T14:23:11","guid":{"rendered":"https:\/\/iessantamaria-cat.infd.edu.ar\/sitio\/autoridades\/"},"modified":"2026-03-03T19:46:15","modified_gmt":"2026-03-03T22:46:15","slug":"autoridades","status":"publish","type":"page","link":"https:\/\/iessantamaria-cat.infd.edu.ar\/sitio\/autoridades\/","title":{"rendered":"Autoridades"},"content":{"rendered":"<p><strong>Ministerio de Educaci\u00f3n<\/strong><\/p>\n<p>Ministro de Educaci\u00f3n<br \/>\n<strong><img decoding=\"async\" loading=\"lazy\" class=\"size-full wp-image-1091 alignright\" src=\"https:\/\/iessantamaria-cat.infd.edu.ar\/sitio\/wp-content\/uploads\/2018\/10\/logo_educacion_ciencia_y_tecnologia_copia_large_medium.jpg\" alt=\"\" width=\"300\" height=\"122\" \/><\/strong><\/p>\n<p><span style=\"color: #ff0000;\">Nicol\u00e1s Rosales Matienzo<\/span><\/p>\n<p><span title=\"Direcci\u00f3n\">Direcci\u00f3n:\u00a0<\/span>SARMIENTO 613 &#8211; 1\u00ba PISO<br \/>\n<span title=\"Tel\u00e9fono\">Tel\u00e9fono:\u00a0<\/span>(0383) 4439120 &#8211; 4437895<br \/>\nEmail:\u00a0<a href=\"mailto:#\">educacion@catamarca.edu.ar<\/a><\/p>\n<p>Web:\u00a0<a href=\"http:\/\/www.catamarca.edu.ar\/\">http:\/\/www.catamarca.edu.ar\/<\/a><\/p>\n<hr \/>\n<p style=\"text-align: left;\"><strong>Secretar\u00eda de Educaci\u00f3n<\/strong><\/p>\n<p style=\"text-align: left;\"><span style=\"color: #ff0000;\">Lic. Roxana In\u00e9s Monasterio<br \/>\n<\/span><\/p>\n<p style=\"text-align: left;\">Av. Venezuela &#8211; CAPE &#8211; Pabell\u00f3n N\u00ba 13 (Planta Alta)<\/p>\n<p style=\"text-align: left;\">educacionsuperior@catamarca.edu.ar<\/p>\n<hr \/>\n<p style=\"text-align: left;\"><span style=\"font-family: arial,helvetica,sans-serif; color: #cc6600; font-size: 12pt;\"><strong><span style=\"color: #000080;\">Rector a cargo:<\/span><img decoding=\"async\" loading=\"lazy\" class=\"wp-image-861 alignright\" src=\"https:\/\/iessantamaria-cat.infd.edu.ar\/sitio\/wp-content\/uploads\/2018\/08\/Logo-IES-1.bmp\" alt=\"\" width=\"323\" height=\"191\" \/><\/strong><\/span><\/p>\n<p style=\"text-align: left;\"><strong><span style=\"color: #000000;\">Prof. Argidio Alfredo\u00a0<\/span><\/strong><strong><span style=\"color: #000000;\">Llampa\u00a0<\/span><\/strong><strong><span style=\"color: #000000;\"><br \/>\n<\/span><\/strong><\/p>\n<p style=\"text-align: left;\"><span style=\"color: #000080; font-family: Arial;\"><b>Secretario<\/b><\/span><strong><span style=\"font-family: Arial; color: #cc6600; font-size: 12pt;\"><span style=\"color: #000080;\">\u00a0Acad\u00e9mico:<\/span> <\/span><\/strong><\/p>\n<p style=\"text-align: left;\"><strong><span style=\"color: #000000;\">(vacante)<\/span><\/strong><\/p>\n<p style=\"text-align: left;\"><span style=\"color: #000080;\"><strong><b>Secretaria<\/b> T\u00e9cnica:<\/strong><\/span><\/p>\n<p><strong>Prof. Olartes Valeria<\/strong><\/p>\n<p><span style=\"color: #000080;\"><strong>Jefe del Dpto. Alumnos:<\/strong><\/span><\/p>\n<p><strong>Prof. Arnedo Fabio<\/strong><\/p>\n<p style=\"text-align: left;\"><span style=\"color: #000080;\"><strong><span style=\"font-family: Arial; font-size: 12pt;\">Jefatura de Grado:<\/span><\/strong><\/span><\/p>\n<p style=\"text-align: left;\"><strong><span style=\"color: #000000;\">Prof. Mena M\u00f3nica Mercedes<\/span><span style=\"color: #000000;\"><br \/>\n<\/span><\/strong><\/p>\n<p style=\"text-align: left;\"><span style=\"color: #000080;\"><strong><span style=\"font-family: Arial; font-size: 12pt;\">Cordinaci\u00f3n de Extensi\u00f3n y Capacitaci\u00f3n:<\/span><\/strong><\/span><\/p>\n<p style=\"text-align: left;\"><strong><span style=\"color: #000000;\">Prof. Zambrano Lidia Graciela<br \/>\n<\/span><\/strong><\/p>\n<p style=\"text-align: left;\"><span style=\"color: #000080;\"><strong><span style=\"font-family: Arial; font-size: 12pt;\">Coordinaci\u00f3n de Investigaci\u00f3n y Desarrollo de Proyectos:<\/span><\/strong><\/span><\/p>\n<p style=\"text-align: left;\"><strong><span style=\"color: #000000;\">Ing. Estela Noem\u00ed Yapura<br \/>\n<\/span><\/strong><\/p>\n<p style=\"text-align: left;\"><span style=\"font-family: Arial; color: #cc6600; font-size: 12pt;\"><span style=\"color: #cc6600; font-family: Arial;\"><span style=\"font-size: 12pt;\"><b>\u00a0 \u00a0 \u00a0 \u00a0 \u00a0 \u00a0 \u00a0 \u00a0 \u00a0 \u00a0 \u00a0 \u00a0 \u00a0 \u00a0 \u00a0 \u00a0 \u00a0 \u00a0 \u00a0 \u00a0 \u00a0 \u00a0 \u00a0 \u00a0 \u00a0 \u00a0 \u00a0 \u00a0 \u00a0 \u00a0 \u00a0 \u00a0 \u00a0 \u00a0 \u00a0 \u00a0 \u00a0 \u00a0 \u00a0 \u00a0 \u00a0 \u00a0 \u00a0 \u00a0 \u00a0 \u00a0 \u00a0 \u00a0 \u00a0 \u00a0 \u00a0 \u00a0<a href=\"http:\/\/web.catamarca.edu.ar\/sitio\/el-ministerio\/estructura-organica.html\">Estructura <\/a><\/b><\/span><b>Org\u00e1nica<\/b><span style=\"font-size: 12pt;\"><b>\u00a0Provincial<\/b><\/span><\/span><\/span><\/p>\n","protected":false},"excerpt":{"rendered":"<p>Ministerio de Educaci\u00f3n Ministro de Educaci\u00f3n Nicol\u00e1s Rosales Matienzo Direcci\u00f3n:\u00a0SARMIENTO 613 &#8211; 1\u00ba PISO Tel\u00e9fono:\u00a0(0383) 4439120 &#8211; 4437895 Email:\u00a0educacion@catamarca.edu.ar Web:\u00a0http:\/\/www.catamarca.edu.ar\/ Secretar\u00eda de Educaci\u00f3n Lic. Roxana In\u00e9s Monasterio Av. Venezuela &#8211; CAPE &#8211; Pabell\u00f3n N\u00ba 13 (Planta Alta) educacionsuperior@catamarca.edu.ar Rector a cargo: Prof. Argidio Alfredo\u00a0Llampa\u00a0 Secretario\u00a0Acad\u00e9mico: (vacante) Secretaria T\u00e9cnica: Prof. Olartes Valeria Jefe del Dpto. Alumnos: &#8230; <a title=\"Autoridades\" class=\"read-more\" href=\"https:\/\/iessantamaria-cat.infd.edu.ar\/sitio\/autoridades\/\" aria-label=\"More on Autoridades\">[+]<\/a><\/p>\n","protected":false},"author":45,"featured_media":0,"parent":0,"menu_order":0,"comment_status":"closed","ping_status":"closed","template":"","meta":[],"acf":[],"_links":{"self":[{"href":"https:\/\/iessantamaria-cat.infd.edu.ar\/sitio\/wp-json\/wp\/v2\/pages\/1020"}],"collection":[{"href":"https:\/\/iessantamaria-cat.infd.edu.ar\/sitio\/wp-json\/wp\/v2\/pages"}],"about":[{"href":"https:\/\/iessantamaria-cat.infd.edu.ar\/sitio\/wp-json\/wp\/v2\/types\/page"}],"author":[{"embeddable":true,"href":"https:\/\/iessantamaria-cat.infd.edu.ar\/sitio\/wp-json\/wp\/v2\/users\/45"}],"replies":[{"embeddable":true,"href":"https:\/\/iessantamaria-cat.infd.edu.ar\/sitio\/wp-json\/wp\/v2\/comments?post=1020"}],"version-history":[{"count":17,"href":"https:\/\/iessantamaria-cat.infd.edu.ar\/sitio\/wp-json\/wp\/v2\/pages\/1020\/revisions"}],"predecessor-version":[{"id":2772,"href":"https:\/\/iessantamaria-cat.infd.edu.ar\/sitio\/wp-json\/wp\/v2\/pages\/1020\/revisions\/2772"}],"wp:attachment":[{"href":"https:\/\/iessantamaria-cat.infd.edu.ar\/sitio\/wp-json\/wp\/v2\/media?parent=1020"}],"curies":[{"name":"wp","href":"https:\/\/api.w.org\/{rel}","templated":true}]}}