{"id":1011,"date":"2018-08-30T11:23:08","date_gmt":"2018-08-30T14:23:08","guid":{"rendered":"https:\/\/iessantamaria-cat.infd.edu.ar\/sitio\/datos-de-contacto\/"},"modified":"2023-02-09T19:05:27","modified_gmt":"2023-02-09T22:05:27","slug":"datos-de-contacto","status":"publish","type":"page","link":"https:\/\/iessantamaria-cat.infd.edu.ar\/sitio\/datos-de-contacto\/","title":{"rendered":"Datos de Contacto"},"content":{"rendered":"<blockquote><p><span style=\"font-family: verdana,geneva;\">INSTITUTO DE ESTUDIOS SUPERIORES SANTA MAR\u00cdA<\/span><\/p>\n<ul>\n<li><span style=\"font-family: verdana,geneva;\">Direcci\u00f3n Sede Central: Sarmiento 251 &#8211; Santa Mar\u00eda &#8211; Catamarca<\/span><\/li>\n<li><span style=\"font-family: verdana,geneva;\">Direcci\u00f3n Sede Abel Acosta: Belgrano 351 &#8211; Santa Mar\u00eda &#8211; Catamarca<\/span><\/li>\n<li><span style=\"font-family: verdana,geneva;\">Direcci\u00f3n Anexo San Jos\u00e9: CIC San Jos\u00e9 Norte<br \/>\n<\/span><\/li>\n<\/ul>\n<ul>\n<li><span style=\"font-family: verdana,geneva;\">Horarios de Atenci\u00f3n en Sede Central y Sede Abel Acosta de 18 a 23hs.<\/span><\/li>\n<\/ul>\n<ul>\n<li><span style=\"font-family: verdana,geneva;\">Horarios de Atenci\u00f3n en Anexo San Jos\u00e9: de 14 a 18hs.<\/span><\/li>\n<\/ul>\n<ul>\n<li><span style=\"font-family: verdana,geneva;\">E-mail Secretario Acad\u00e9mico: iessma.academico@gmail.com\u00a0<\/span><\/li>\n<\/ul>\n<ul>\n<li><span style=\"font-family: verdana,geneva;\">CUE 100073100<\/span><\/li>\n<\/ul>\n<p><span style=\"font-family: verdana; font-size: 10pt;\">\u00a0<span style=\"font-size: 10pt;\"><img decoding=\"async\" loading=\"lazy\" style=\"display: block; margin-left: auto; margin-right: auto;\" src=\"https:\/\/iessantamaria-cat.infd.edu.ar\/sitio\/wp-content\/uploads\/2018\/08\/educarparalapaz1.jpg\" width=\"303\" height=\"247\" border=\"0\" \/><\/span><\/span><\/p><\/blockquote>\n","protected":false},"excerpt":{"rendered":"<p>INSTITUTO DE ESTUDIOS SUPERIORES SANTA MAR\u00cdA Direcci\u00f3n Sede Central: Sarmiento 251 &#8211; Santa Mar\u00eda &#8211; Catamarca Direcci\u00f3n Sede Abel Acosta: Belgrano 351 &#8211; Santa Mar\u00eda &#8211; Catamarca Direcci\u00f3n Anexo San Jos\u00e9: CIC San Jos\u00e9 Norte Horarios de Atenci\u00f3n en Sede Central y Sede Abel Acosta de 18 a 23hs. Horarios de Atenci\u00f3n en Anexo San &#8230; <a title=\"Datos de Contacto\" class=\"read-more\" href=\"https:\/\/iessantamaria-cat.infd.edu.ar\/sitio\/datos-de-contacto\/\" aria-label=\"More on Datos de Contacto\">[+]<\/a><\/p>\n","protected":false},"author":45,"featured_media":0,"parent":0,"menu_order":0,"comment_status":"closed","ping_status":"closed","template":"","meta":[],"acf":[],"_links":{"self":[{"href":"https:\/\/iessantamaria-cat.infd.edu.ar\/sitio\/wp-json\/wp\/v2\/pages\/1011"}],"collection":[{"href":"https:\/\/iessantamaria-cat.infd.edu.ar\/sitio\/wp-json\/wp\/v2\/pages"}],"about":[{"href":"https:\/\/iessantamaria-cat.infd.edu.ar\/sitio\/wp-json\/wp\/v2\/types\/page"}],"author":[{"embeddable":true,"href":"https:\/\/iessantamaria-cat.infd.edu.ar\/sitio\/wp-json\/wp\/v2\/users\/45"}],"replies":[{"embeddable":true,"href":"https:\/\/iessantamaria-cat.infd.edu.ar\/sitio\/wp-json\/wp\/v2\/comments?post=1011"}],"version-history":[{"count":2,"href":"https:\/\/iessantamaria-cat.infd.edu.ar\/sitio\/wp-json\/wp\/v2\/pages\/1011\/revisions"}],"predecessor-version":[{"id":2227,"href":"https:\/\/iessantamaria-cat.infd.edu.ar\/sitio\/wp-json\/wp\/v2\/pages\/1011\/revisions\/2227"}],"wp:attachment":[{"href":"https:\/\/iessantamaria-cat.infd.edu.ar\/sitio\/wp-json\/wp\/v2\/media?parent=1011"}],"curies":[{"name":"wp","href":"https:\/\/api.w.org\/{rel}","templated":true}]}}