{"id":1006,"date":"2018-08-30T11:23:06","date_gmt":"2018-08-30T14:23:06","guid":{"rendered":"https:\/\/iessantamaria-cat.infd.edu.ar\/sitio\/profesorado-en-educacion-fisica\/"},"modified":"2018-10-17T01:30:22","modified_gmt":"2018-10-17T04:30:22","slug":"profesorado-en-educacion-fisica","status":"publish","type":"page","link":"https:\/\/iessantamaria-cat.infd.edu.ar\/sitio\/profesorado-en-educacion-fisica\/","title":{"rendered":"Profesorado en Educaci\u00f3n F\u00edsica"},"content":{"rendered":"<p><span style=\"text-decoration: underline;\">TITULO<\/span>: PROFESOR\/A DE EDUCACI\u00d3N F\u00cdSICA<\/p>\n<p><span style=\"text-decoration: underline;\">DURACI\u00d3N<\/span>: 4 A\u00d1OS<\/p>\n<p><img decoding=\"async\" loading=\"lazy\" class=\"wp-image-1106 aligncenter\" src=\"https:\/\/iessantamaria-cat.infd.edu.ar\/sitio\/wp-content\/uploads\/2018\/10\/educaciocc81n-ficc81sica.jpg\" alt=\"\" width=\"410\" height=\"554\" \/><\/p>\n<p><span style=\"text-decoration: underline;\">Carga horaria total de la carrera:<\/span> Cuatro mil cuatrocientas diecis\u00e9is (4.416) horas c\u00e1tedra, equivalentes a dos mil novecientas cuarenta y cuatro (2.944) horas reloj<\/p>\n<p class=\"Default\"><span style=\"text-decoration: underline;\">Condiciones de ingreso:<\/span><\/p>\n<p class=\"Default\">Para ingresar como alumno a las instituciones de nivel superior, se debe haber aprobado el nivel medio o el ciclo polimodal de ense\u00f1anza.<\/p>\n<p class=\"Default\">Es directo, a partir del criterio de igualdad de oportunidades acordado por los Ministros del Consejo Federal de Educaci\u00f3n, seg\u00fan Res. N\u00b0 72\/08 CFE.<\/p>\n<p>Excepcionalmente, los mayores de 25 a\u00f1os que no re\u00fanan esa condici\u00f3n, podr\u00e1n ingresar siempre que demuestren a trav\u00e9s de las evaluaciones pertinentes que se realicen en el Instituto que tienen preparaci\u00f3n acorde con los estudios que se proponen iniciar, as\u00ed como aptitudes y conocimientos suficientes para cursarlos satisfactoriamente (Ley N\u00b024521).<\/p>\n<p><strong>Dise\u00f1o curricular (PDF): <a href=\"upload\/Disen_o_Curricular_Profesorado_Educacion_Fisica_2014_Final.pdf\">Descarga<\/a><\/strong><\/p>\n","protected":false},"excerpt":{"rendered":"<p>TITULO: PROFESOR\/A DE EDUCACI\u00d3N F\u00cdSICA DURACI\u00d3N: 4 A\u00d1OS Carga horaria total de la carrera: Cuatro mil cuatrocientas diecis\u00e9is (4.416) horas c\u00e1tedra, equivalentes a dos mil novecientas cuarenta y cuatro (2.944) horas reloj Condiciones de ingreso: Para ingresar como alumno a las instituciones de nivel superior, se debe haber aprobado el nivel medio o el ciclo &#8230; <a title=\"Profesorado en Educaci\u00f3n F\u00edsica\" class=\"read-more\" href=\"https:\/\/iessantamaria-cat.infd.edu.ar\/sitio\/profesorado-en-educacion-fisica\/\" aria-label=\"More on Profesorado en Educaci\u00f3n F\u00edsica\">[+]<\/a><\/p>\n","protected":false},"author":45,"featured_media":0,"parent":0,"menu_order":0,"comment_status":"closed","ping_status":"closed","template":"","meta":[],"acf":[],"_links":{"self":[{"href":"https:\/\/iessantamaria-cat.infd.edu.ar\/sitio\/wp-json\/wp\/v2\/pages\/1006"}],"collection":[{"href":"https:\/\/iessantamaria-cat.infd.edu.ar\/sitio\/wp-json\/wp\/v2\/pages"}],"about":[{"href":"https:\/\/iessantamaria-cat.infd.edu.ar\/sitio\/wp-json\/wp\/v2\/types\/page"}],"author":[{"embeddable":true,"href":"https:\/\/iessantamaria-cat.infd.edu.ar\/sitio\/wp-json\/wp\/v2\/users\/45"}],"replies":[{"embeddable":true,"href":"https:\/\/iessantamaria-cat.infd.edu.ar\/sitio\/wp-json\/wp\/v2\/comments?post=1006"}],"version-history":[{"count":2,"href":"https:\/\/iessantamaria-cat.infd.edu.ar\/sitio\/wp-json\/wp\/v2\/pages\/1006\/revisions"}],"predecessor-version":[{"id":1107,"href":"https:\/\/iessantamaria-cat.infd.edu.ar\/sitio\/wp-json\/wp\/v2\/pages\/1006\/revisions\/1107"}],"wp:attachment":[{"href":"https:\/\/iessantamaria-cat.infd.edu.ar\/sitio\/wp-json\/wp\/v2\/media?parent=1006"}],"curies":[{"name":"wp","href":"https:\/\/api.w.org\/{rel}","templated":true}]}}